{"id":13492,"date":"2026-03-05T09:06:48","date_gmt":"2026-03-05T09:06:48","guid":{"rendered":"https:\/\/exceptionaldaysman.shop\/?post_type=product&#038;p=13492"},"modified":"2026-03-05T09:39:04","modified_gmt":"2026-03-05T09:39:04","slug":"yaheetech-lift-top-coffee-table-storage-coffee-table-with-hidden-compartment-open-shelf-for-living-room-or-apartment","status":"publish","type":"product","link":"https:\/\/exceptionaldaysman.shop\/es\/producto\/yaheetech-lift-top-coffee-table-storage-coffee-table-with-hidden-compartment-open-shelf-for-living-room-or-apartment\/","title":{"rendered":"Yaheetech Lift Top Coffee Table - Mesa de centro con compartimento oculto y estante abierto para sala de estar o apartamento"},"content":{"rendered":"<div data-elementor-type=\"product-post\" data-elementor-id=\"13492\" class=\"elementor elementor-13492\" data-elementor-post-type=\"product\">\n\t\t\t\t<div class=\"elementor-element elementor-element-37d9a08b e-flex e-con-boxed e-con e-parent\" data-id=\"37d9a08b\" data-element_type=\"container\" data-e-type=\"container\" data-settings=\"{&quot;ekit_has_onepagescroll_dot&quot;:&quot;yes&quot;}\">\n\t\t\t\t\t<div class=\"e-con-inner\">\n\t\t\t\t<div class=\"elementor-element elementor-element-78099be8 elementor-widget elementor-widget-text-editor\" data-id=\"78099be8\" data-element_type=\"widget\" data-e-type=\"widget\" data-settings=\"{&quot;ekit_we_effect_on&quot;:&quot;none&quot;}\" data-widget_type=\"text-editor.default\">\n\t\t\t\t<div class=\"elementor-widget-container\">\n\t\t\t\t\t\t\t\t\t<hr class=\"bucketDivider\" noshade=\"noshade\" size=\"1\" \/><h2 style=\"text-align: center;\">Descripci\u00f3n del producto<\/h2>\t\t\t\t\t\t\t\t<\/div>\n\t\t\t\t<\/div>\n\t\t\t\t<div class=\"elementor-element elementor-element-7fb0e82a elementor-widget elementor-widget-image\" data-id=\"7fb0e82a\" data-element_type=\"widget\" data-e-type=\"widget\" data-settings=\"{&quot;ekit_we_effect_on&quot;:&quot;none&quot;}\" data-widget_type=\"image.default\">\n\t\t\t\t<div class=\"elementor-widget-container\">\n\t\t\t\t\t\t\t\t\t\t\t\t\t\t\t<img loading=\"lazy\" decoding=\"async\" width=\"970\" height=\"600\" src=\"https:\/\/exceptionaldaysman.shop\/wp-content\/uploads\/2026\/03\/1-2.jpg\" class=\"attachment-full size-full wp-image-13514 wvs-archive-product-image\" alt=\"\" srcset=\"https:\/\/exceptionaldaysman.shop\/wp-content\/uploads\/2026\/03\/1-2.jpg 970w, https:\/\/exceptionaldaysman.shop\/wp-content\/uploads\/2026\/03\/1-2-300x186.jpg 300w, https:\/\/exceptionaldaysman.shop\/wp-content\/uploads\/2026\/03\/1-2-768x475.jpg 768w, https:\/\/exceptionaldaysman.shop\/wp-content\/uploads\/2026\/03\/1-2-18x12.jpg 18w, https:\/\/exceptionaldaysman.shop\/wp-content\/uploads\/2026\/03\/1-2-600x371.jpg 600w, https:\/\/exceptionaldaysman.shop\/wp-content\/uploads\/2026\/03\/1-2-1x1.jpg 1w, https:\/\/exceptionaldaysman.shop\/wp-content\/uploads\/2026\/03\/1-2-10x6.jpg 10w\" sizes=\"auto, (max-width: 970px) 100vw, 970px\" \/>\t\t\t\t\t\t\t\t\t\t\t\t\t\t\t<\/div>\n\t\t\t\t<\/div>\n\t\t\t\t<div class=\"elementor-element elementor-element-687d2b83 elementor-widget elementor-widget-text-editor\" data-id=\"687d2b83\" data-element_type=\"widget\" data-e-type=\"widget\" data-settings=\"{&quot;ekit_we_effect_on&quot;:&quot;none&quot;}\" data-widget_type=\"text-editor.default\">\n\t\t\t\t<div class=\"elementor-widget-container\">\n\t\t\t\t\t\t\t\t\t<h4 style=\"text-align: center;\">mesa de centro una mesa fresca y pr\u00e1ctica que est\u00e1 dise\u00f1ado con una tapa de elevaci\u00f3n, que se puede ajustar f\u00e1cilmente a una altura adecuada y c\u00f3moda para utilizar un ordenador port\u00e1til, escribir o cenar mientras est\u00e1 sentado en el sof\u00e1. Debajo del tablero, hay un gran espacio de almacenamiento que mide L33.9xW15.4xD4.2\u2019\u2019 para mantener tus objetos de uso diario a mano y limpios. Hecha de MDF P2 seleccionado y construida en estructura s\u00f3lida, nuestra mesa de centro con la capacidad de soportar hasta 77lb en total, lo suficientemente fuerte y robusta para su uso diario.<\/h4>\t\t\t\t\t\t\t\t<\/div>\n\t\t\t\t<\/div>\n\t\t\t\t<div class=\"elementor-element elementor-element-3b208c68 elementor-widget elementor-widget-text-editor\" data-id=\"3b208c68\" data-element_type=\"widget\" data-e-type=\"widget\" data-settings=\"{&quot;ekit_we_effect_on&quot;:&quot;none&quot;}\" data-widget_type=\"text-editor.default\">\n\t\t\t\t<div class=\"elementor-widget-container\">\n\t\t\t\t\t\t\t\t\t<h3 class=\"a-spacing-mini\" style=\"text-align: center;\">Mesa de centro elevable con gran estante de almacenamiento oculto<\/h3>\t\t\t\t\t\t\t\t<\/div>\n\t\t\t\t<\/div>\n\t\t\t\t<div class=\"elementor-element elementor-element-6f854b91 elementor-widget elementor-widget-image\" data-id=\"6f854b91\" data-element_type=\"widget\" data-e-type=\"widget\" data-settings=\"{&quot;ekit_we_effect_on&quot;:&quot;none&quot;}\" data-widget_type=\"image.default\">\n\t\t\t\t<div class=\"elementor-widget-container\">\n\t\t\t\t\t\t\t\t\t\t\t\t\t\t\t<img loading=\"lazy\" decoding=\"async\" width=\"970\" height=\"600\" src=\"https:\/\/exceptionaldaysman.shop\/wp-content\/uploads\/2026\/03\/2.jpg\" class=\"attachment-full size-full wp-image-13515 wvs-archive-product-image\" alt=\"\" srcset=\"https:\/\/exceptionaldaysman.shop\/wp-content\/uploads\/2026\/03\/2.jpg 970w, https:\/\/exceptionaldaysman.shop\/wp-content\/uploads\/2026\/03\/2-300x186.jpg 300w, https:\/\/exceptionaldaysman.shop\/wp-content\/uploads\/2026\/03\/2-768x475.jpg 768w, https:\/\/exceptionaldaysman.shop\/wp-content\/uploads\/2026\/03\/2-18x12.jpg 18w, https:\/\/exceptionaldaysman.shop\/wp-content\/uploads\/2026\/03\/2-600x371.jpg 600w, https:\/\/exceptionaldaysman.shop\/wp-content\/uploads\/2026\/03\/2-1x1.jpg 1w, https:\/\/exceptionaldaysman.shop\/wp-content\/uploads\/2026\/03\/2-10x6.jpg 10w\" sizes=\"auto, (max-width: 970px) 100vw, 970px\" \/>\t\t\t\t\t\t\t\t\t\t\t\t\t\t\t<\/div>\n\t\t\t\t<\/div>\n\t\t\t\t<div class=\"elementor-element elementor-element-353a986 elementor-widget elementor-widget-text-editor\" data-id=\"353a986\" data-element_type=\"widget\" data-e-type=\"widget\" data-settings=\"{&quot;ekit_we_effect_on&quot;:&quot;none&quot;}\" data-widget_type=\"text-editor.default\">\n\t\t\t\t<div class=\"elementor-widget-container\">\n\t\t\t\t\t\t\t\t\t<h3 class=\"a-spacing-mini\" style=\"text-align: center;\">Mecanismo de elevaci\u00f3n por gas de alta resistencia que garantiza un funcionamiento suave y seguro<\/h3>\t\t\t\t\t\t\t\t<\/div>\n\t\t\t\t<\/div>\n\t\t\t\t<div class=\"elementor-element elementor-element-48c8955a elementor-widget elementor-widget-image\" data-id=\"48c8955a\" data-element_type=\"widget\" data-e-type=\"widget\" data-settings=\"{&quot;ekit_we_effect_on&quot;:&quot;none&quot;}\" data-widget_type=\"image.default\">\n\t\t\t\t<div class=\"elementor-widget-container\">\n\t\t\t\t\t\t\t\t\t\t\t\t\t\t\t<img loading=\"lazy\" decoding=\"async\" width=\"970\" height=\"600\" src=\"https:\/\/exceptionaldaysman.shop\/wp-content\/uploads\/2026\/03\/3.jpg\" class=\"attachment-full size-full wp-image-13516 wvs-archive-product-image\" alt=\"\" srcset=\"https:\/\/exceptionaldaysman.shop\/wp-content\/uploads\/2026\/03\/3.jpg 970w, https:\/\/exceptionaldaysman.shop\/wp-content\/uploads\/2026\/03\/3-300x186.jpg 300w, https:\/\/exceptionaldaysman.shop\/wp-content\/uploads\/2026\/03\/3-768x475.jpg 768w, https:\/\/exceptionaldaysman.shop\/wp-content\/uploads\/2026\/03\/3-18x12.jpg 18w, https:\/\/exceptionaldaysman.shop\/wp-content\/uploads\/2026\/03\/3-600x371.jpg 600w, https:\/\/exceptionaldaysman.shop\/wp-content\/uploads\/2026\/03\/3-1x1.jpg 1w, https:\/\/exceptionaldaysman.shop\/wp-content\/uploads\/2026\/03\/3-10x6.jpg 10w\" sizes=\"auto, (max-width: 970px) 100vw, 970px\" \/>\t\t\t\t\t\t\t\t\t\t\t\t\t\t\t<\/div>\n\t\t\t\t<\/div>\n\t\t\t\t<div class=\"elementor-element elementor-element-77c068f8 elementor-widget elementor-widget-text-editor\" data-id=\"77c068f8\" data-element_type=\"widget\" data-e-type=\"widget\" data-settings=\"{&quot;ekit_we_effect_on&quot;:&quot;none&quot;}\" data-widget_type=\"text-editor.default\">\n\t\t\t\t<div class=\"elementor-widget-container\">\n\t\t\t\t\t\t\t\t\t<h3 class=\"a-spacing-mini\" style=\"text-align: center;\">Apoyado en un grueso tablero MDF, firme y estable para el uso diario<\/h3>\t\t\t\t\t\t\t\t<\/div>\n\t\t\t\t<\/div>\n\t\t\t\t<div class=\"elementor-element elementor-element-3d5fdc40 elementor-widget elementor-widget-image\" data-id=\"3d5fdc40\" data-element_type=\"widget\" data-e-type=\"widget\" data-settings=\"{&quot;ekit_we_effect_on&quot;:&quot;none&quot;}\" data-widget_type=\"image.default\">\n\t\t\t\t<div class=\"elementor-widget-container\">\n\t\t\t\t\t\t\t\t\t\t\t\t\t\t\t<img loading=\"lazy\" decoding=\"async\" width=\"970\" height=\"600\" src=\"https:\/\/exceptionaldaysman.shop\/wp-content\/uploads\/2026\/03\/4.jpg\" class=\"attachment-full size-full wp-image-13517 wvs-archive-product-image\" alt=\"\" srcset=\"https:\/\/exceptionaldaysman.shop\/wp-content\/uploads\/2026\/03\/4.jpg 970w, https:\/\/exceptionaldaysman.shop\/wp-content\/uploads\/2026\/03\/4-300x186.jpg 300w, https:\/\/exceptionaldaysman.shop\/wp-content\/uploads\/2026\/03\/4-768x475.jpg 768w, https:\/\/exceptionaldaysman.shop\/wp-content\/uploads\/2026\/03\/4-18x12.jpg 18w, https:\/\/exceptionaldaysman.shop\/wp-content\/uploads\/2026\/03\/4-600x371.jpg 600w, https:\/\/exceptionaldaysman.shop\/wp-content\/uploads\/2026\/03\/4-1x1.jpg 1w, https:\/\/exceptionaldaysman.shop\/wp-content\/uploads\/2026\/03\/4-10x6.jpg 10w\" sizes=\"auto, (max-width: 970px) 100vw, 970px\" \/>\t\t\t\t\t\t\t\t\t\t\t\t\t\t\t<\/div>\n\t\t\t\t<\/div>\n\t\t\t\t<div class=\"elementor-element elementor-element-21fd57f0 elementor-widget elementor-widget-text-editor\" data-id=\"21fd57f0\" data-element_type=\"widget\" data-e-type=\"widget\" data-settings=\"{&quot;ekit_we_effect_on&quot;:&quot;none&quot;}\" data-widget_type=\"text-editor.default\">\n\t\t\t\t<div class=\"elementor-widget-container\">\n\t\t\t\t\t\t\t\t\t<h3 class=\"a-spacing-mini\" style=\"text-align: center;\">Esta mesa de centro elevable es muy f\u00e1cil de instalar y es perfecta para muebles de sal\u00f3n peque\u00f1os<\/h3>\t\t\t\t\t\t\t\t<\/div>\n\t\t\t\t<\/div>\n\t\t\t\t<div class=\"elementor-element elementor-element-6fb5491f elementor-widget elementor-widget-image\" data-id=\"6fb5491f\" data-element_type=\"widget\" data-e-type=\"widget\" data-settings=\"{&quot;ekit_we_effect_on&quot;:&quot;none&quot;}\" data-widget_type=\"image.default\">\n\t\t\t\t<div class=\"elementor-widget-container\">\n\t\t\t\t\t\t\t\t\t\t\t\t\t\t\t<img loading=\"lazy\" decoding=\"async\" width=\"970\" height=\"600\" src=\"https:\/\/exceptionaldaysman.shop\/wp-content\/uploads\/2026\/03\/5.jpg\" class=\"attachment-full size-full wp-image-13518 wvs-archive-product-image\" alt=\"\" srcset=\"https:\/\/exceptionaldaysman.shop\/wp-content\/uploads\/2026\/03\/5.jpg 970w, https:\/\/exceptionaldaysman.shop\/wp-content\/uploads\/2026\/03\/5-300x186.jpg 300w, https:\/\/exceptionaldaysman.shop\/wp-content\/uploads\/2026\/03\/5-768x475.jpg 768w, https:\/\/exceptionaldaysman.shop\/wp-content\/uploads\/2026\/03\/5-18x12.jpg 18w, https:\/\/exceptionaldaysman.shop\/wp-content\/uploads\/2026\/03\/5-600x371.jpg 600w, https:\/\/exceptionaldaysman.shop\/wp-content\/uploads\/2026\/03\/5-1x1.jpg 1w, https:\/\/exceptionaldaysman.shop\/wp-content\/uploads\/2026\/03\/5-10x6.jpg 10w\" sizes=\"auto, (max-width: 970px) 100vw, 970px\" \/>\t\t\t\t\t\t\t\t\t\t\t\t\t\t\t<\/div>\n\t\t\t\t<\/div>\n\t\t\t\t<div class=\"elementor-element elementor-element-4ce7f1c elementor-widget elementor-widget-text-editor\" data-id=\"4ce7f1c\" data-element_type=\"widget\" data-e-type=\"widget\" data-settings=\"{&quot;ekit_we_effect_on&quot;:&quot;none&quot;}\" data-widget_type=\"text-editor.default\">\n\t\t\t\t<div class=\"elementor-widget-container\">\n\t\t\t\t\t\t\t\t\t<table class=\"specs-table\">\n    <tr>\n        <td>Especificaciones<\/td>\n        <td><\/td>\n    <\/tr>\n    <tr>\n        <td>Material<\/td>\n        <td><span class=\"material-badge\">P2 MDF<\/span><\/td>\n    <\/tr>\n    <tr>\n        <td>Dimensiones generales<\/td>\n        <td class=\"dimension-value\">38,6 x 19,7 x (16,5-22) (LxAxA)<\/td>\n    <\/tr>\n    <tr>\n        <td>Tama\u00f1o interior del almac\u00e9n<\/td>\n        <td class=\"dimension-value\">33,9 x 15,4 x 4,2 (LxAxP)<\/td>\n    <\/tr>\n    <tr>\n        <td>Almacenamiento a distancia y estanter\u00eda<\/td>\n        <td class=\"dimension-value\">7.3<\/td>\n    <\/tr>\n    <tr>\n        <td>Capacidad de carga<\/td>\n        <td>\n            <div class=\"capacity-container\">\n                <div class=\"capacity-item\">Capacidad de carga m\u00e1xima: total: 44 lb<\/div>\n                <div class=\"capacity-item\">tablero (cuando est\u00e1 extendido): 22 lb<\/div>\n                <div class=\"capacity-item\">almacenamiento: 33 lb<\/div>\n                <div class=\"capacity-item\">estante inferior: 40 lb<\/div>\n            <\/div>\n        <\/td>\n    <\/tr>\n<\/table>\n\n<style>\n    .specs-table {\n        width: 100%;\n        border-collapse: collapse;\n        font-family: 'Segoe UI', Arial, sans-serif;\n        font-size: 14px;\n    }\n    .specs-table tr {\n        border-bottom: 1px solid #e0e0e0;\n    }\n    .specs-table td {\n        padding: 12px 0;\n        text-align: left;\n        vertical-align: top;\n    }\n    .specs-table td:first-child {\n        font-weight: 600;\n        width: 30%;\n        color: #2c3e50;\n    }\n    .specs-table td:last-child {\n        width: 70%;\n    }\n    .material-badge {\n        background-color: #e8f5e9;\n        color: #2e7d32;\n        padding: 8px 16px;\n        border-radius: 4px;\n        font-weight: 600;\n        display: inline-block;\n        border: 1px solid #c8e6c9;\n    }\n    .dimension-value {\n        font-family: 'Consolas', 'Courier New', monospace;\n        font-weight: 600;\n        color: #333;\n    }\n    .capacity-container {\n        display: flex;\n        flex-direction: column;\n        gap: 6px;\n    }\n    .capacity-item {\n        background-color: #e3f2fd;\n        color: #1565c0;\n        padding: 6px 10px;\n        border-radius: 4px;\n        font-size: 13px;\n        display: inline-block;\n        border: 1px solid #bbdefb;\n    }\t\t\t\t\t\t\t\t<\/div>\n\t\t\t\t<\/div>\n\t\t\t\t\t<\/div>\n\t\t\t\t<\/div>\n\t\t\t\t<\/div>","protected":false},"excerpt":{"rendered":"<p>Product description coffee table a cool and practical table that is designed with a lift top, which can be easily&#8230;<\/p>","protected":false},"featured_media":13498,"comment_status":"open","ping_status":"closed","template":"","meta":{"_acf_changed":false},"etheme_brands":[],"product_brand":[],"product_cat":[118],"product_tag":[],"class_list":{"0":"post-13492","1":"product","2":"type-product","3":"status-publish","4":"has-post-thumbnail","6":"product_cat-sale-shop","8":"first","9":"instock","10":"sale","11":"shipping-taxable","12":"purchasable","13":"product-type-variable","14":"has-default-attributes","15":"wvs-archive-product-wrapper"},"acf":[],"_links":{"self":[{"href":"https:\/\/exceptionaldaysman.shop\/es\/wp-json\/wp\/v2\/product\/13492","targetHints":{"allow":["GET"]}}],"collection":[{"href":"https:\/\/exceptionaldaysman.shop\/es\/wp-json\/wp\/v2\/product"}],"about":[{"href":"https:\/\/exceptionaldaysman.shop\/es\/wp-json\/wp\/v2\/types\/product"}],"replies":[{"embeddable":true,"href":"https:\/\/exceptionaldaysman.shop\/es\/wp-json\/wp\/v2\/comments?post=13492"}],"version-history":[{"count":4,"href":"https:\/\/exceptionaldaysman.shop\/es\/wp-json\/wp\/v2\/product\/13492\/revisions"}],"predecessor-version":[{"id":13524,"href":"https:\/\/exceptionaldaysman.shop\/es\/wp-json\/wp\/v2\/product\/13492\/revisions\/13524"}],"wp:featuredmedia":[{"embeddable":true,"href":"https:\/\/exceptionaldaysman.shop\/es\/wp-json\/wp\/v2\/media\/13498"}],"wp:attachment":[{"href":"https:\/\/exceptionaldaysman.shop\/es\/wp-json\/wp\/v2\/media?parent=13492"}],"wp:term":[{"taxonomy":"brand","embeddable":true,"href":"https:\/\/exceptionaldaysman.shop\/es\/wp-json\/wp\/v2\/etheme_brands?post=13492"},{"taxonomy":"product_brand","embeddable":true,"href":"https:\/\/exceptionaldaysman.shop\/es\/wp-json\/wp\/v2\/product_brand?post=13492"},{"taxonomy":"product_cat","embeddable":true,"href":"https:\/\/exceptionaldaysman.shop\/es\/wp-json\/wp\/v2\/product_cat?post=13492"},{"taxonomy":"product_tag","embeddable":true,"href":"https:\/\/exceptionaldaysman.shop\/es\/wp-json\/wp\/v2\/product_tag?post=13492"}],"curies":[{"name":"wp","href":"https:\/\/api.w.org\/{rel}","templated":true}]}}