{"id":13600,"date":"2026-04-03T04:03:17","date_gmt":"2026-04-03T04:03:17","guid":{"rendered":"https:\/\/exceptionaldaysman.shop\/?post_type=product&#038;p=13600"},"modified":"2026-04-03T04:10:09","modified_gmt":"2026-04-03T04:10:09","slug":"artcyber-6-in-1-charging-kit-fast-charging-magnetic-power-bank-wireless-charger-type-c-fast-charging-cable-adapter-and-audio-holder-compact-and-portable-headphone-device","status":"publish","type":"product","link":"https:\/\/exceptionaldaysman.shop\/es\/producto\/artcyber-6-in-1-charging-kit-fast-charging-magnetic-power-bank-wireless-charger-type-c-fast-charging-cable-adapter-and-audio-holder-compact-and-portable-headphone-device\/","title":{"rendered":"ARTCYBER Kit de carga 6 en 1: Carga R\u00e1pida, Power Bank Magn\u00e9tico, Cargador Inal\u00e1mbrico, Cable de Carga R\u00e1pida Tipo-C, Adaptador y Soporte de Audio, Compacto y Port\u00e1til.Dispositivo de Auriculares"},"content":{"rendered":"<div data-elementor-type=\"product-post\" data-elementor-id=\"13600\" class=\"elementor elementor-13600\" data-elementor-post-type=\"product\">\n\t\t\t\t<div class=\"elementor-element elementor-element-392996b5 e-flex e-con-boxed e-con e-parent\" data-id=\"392996b5\" data-element_type=\"container\" data-settings=\"{&quot;ekit_has_onepagescroll_dot&quot;:&quot;yes&quot;}\">\n\t\t\t\t\t<div class=\"e-con-inner\">\n\t\t\t\t<div class=\"elementor-element elementor-element-1c273487 elementor-widget elementor-widget-image\" data-id=\"1c273487\" data-element_type=\"widget\" data-settings=\"{&quot;ekit_we_effect_on&quot;:&quot;none&quot;}\" data-widget_type=\"image.default\">\n\t\t\t\t<div class=\"elementor-widget-container\">\n\t\t\t\t\t\t\t\t\t\t\t\t\t\t\t<img loading=\"lazy\" decoding=\"async\" width=\"1600\" height=\"1600\" src=\"https:\/\/exceptionaldaysman.shop\/wp-content\/uploads\/2026\/04\/77e31e9a-7b9b-47ba-ae08-f2a885709851.679467f4449d62f69bf4a62b73eec30f-1.webp\" class=\"attachment-full size-full wp-image-13607 wvs-archive-product-image\" alt=\"\" srcset=\"https:\/\/exceptionaldaysman.shop\/wp-content\/uploads\/2026\/04\/77e31e9a-7b9b-47ba-ae08-f2a885709851.679467f4449d62f69bf4a62b73eec30f-1.webp 1600w, https:\/\/exceptionaldaysman.shop\/wp-content\/uploads\/2026\/04\/77e31e9a-7b9b-47ba-ae08-f2a885709851.679467f4449d62f69bf4a62b73eec30f-1-300x300.webp 300w, https:\/\/exceptionaldaysman.shop\/wp-content\/uploads\/2026\/04\/77e31e9a-7b9b-47ba-ae08-f2a885709851.679467f4449d62f69bf4a62b73eec30f-1-1024x1024.webp 1024w, https:\/\/exceptionaldaysman.shop\/wp-content\/uploads\/2026\/04\/77e31e9a-7b9b-47ba-ae08-f2a885709851.679467f4449d62f69bf4a62b73eec30f-1-150x150.webp 150w, https:\/\/exceptionaldaysman.shop\/wp-content\/uploads\/2026\/04\/77e31e9a-7b9b-47ba-ae08-f2a885709851.679467f4449d62f69bf4a62b73eec30f-1-768x768.webp 768w, https:\/\/exceptionaldaysman.shop\/wp-content\/uploads\/2026\/04\/77e31e9a-7b9b-47ba-ae08-f2a885709851.679467f4449d62f69bf4a62b73eec30f-1-1536x1536.webp 1536w, https:\/\/exceptionaldaysman.shop\/wp-content\/uploads\/2026\/04\/77e31e9a-7b9b-47ba-ae08-f2a885709851.679467f4449d62f69bf4a62b73eec30f-1-12x12.webp 12w, https:\/\/exceptionaldaysman.shop\/wp-content\/uploads\/2026\/04\/77e31e9a-7b9b-47ba-ae08-f2a885709851.679467f4449d62f69bf4a62b73eec30f-1-600x600.webp 600w, https:\/\/exceptionaldaysman.shop\/wp-content\/uploads\/2026\/04\/77e31e9a-7b9b-47ba-ae08-f2a885709851.679467f4449d62f69bf4a62b73eec30f-1-100x100.webp 100w, https:\/\/exceptionaldaysman.shop\/wp-content\/uploads\/2026\/04\/77e31e9a-7b9b-47ba-ae08-f2a885709851.679467f4449d62f69bf4a62b73eec30f-1-50x50.webp 50w, https:\/\/exceptionaldaysman.shop\/wp-content\/uploads\/2026\/04\/77e31e9a-7b9b-47ba-ae08-f2a885709851.679467f4449d62f69bf4a62b73eec30f-1-1x1.webp 1w, https:\/\/exceptionaldaysman.shop\/wp-content\/uploads\/2026\/04\/77e31e9a-7b9b-47ba-ae08-f2a885709851.679467f4449d62f69bf4a62b73eec30f-1-10x10.webp 10w\" sizes=\"auto, (max-width: 1600px) 100vw, 1600px\" \/>\t\t\t\t\t\t\t\t\t\t\t\t\t\t\t<\/div>\n\t\t\t\t<\/div>\n\t\t\t\t<div class=\"elementor-element elementor-element-3ad8cd85 elementor-widget elementor-widget-image\" data-id=\"3ad8cd85\" data-element_type=\"widget\" data-settings=\"{&quot;ekit_we_effect_on&quot;:&quot;none&quot;}\" data-widget_type=\"image.default\">\n\t\t\t\t<div class=\"elementor-widget-container\">\n\t\t\t\t\t\t\t\t\t\t\t\t\t\t\t<img loading=\"lazy\" decoding=\"async\" width=\"1600\" height=\"1600\" src=\"https:\/\/exceptionaldaysman.shop\/wp-content\/uploads\/2026\/04\/b1d06179-6afa-4dd6-99f0-de6493f7d31c.dfbefc6b3ede0ec5ea5be9d1632ece3b-1.webp\" class=\"attachment-full size-full wp-image-13608 wvs-archive-product-image\" alt=\"\" srcset=\"https:\/\/exceptionaldaysman.shop\/wp-content\/uploads\/2026\/04\/b1d06179-6afa-4dd6-99f0-de6493f7d31c.dfbefc6b3ede0ec5ea5be9d1632ece3b-1.webp 1600w, https:\/\/exceptionaldaysman.shop\/wp-content\/uploads\/2026\/04\/b1d06179-6afa-4dd6-99f0-de6493f7d31c.dfbefc6b3ede0ec5ea5be9d1632ece3b-1-300x300.webp 300w, https:\/\/exceptionaldaysman.shop\/wp-content\/uploads\/2026\/04\/b1d06179-6afa-4dd6-99f0-de6493f7d31c.dfbefc6b3ede0ec5ea5be9d1632ece3b-1-1024x1024.webp 1024w, https:\/\/exceptionaldaysman.shop\/wp-content\/uploads\/2026\/04\/b1d06179-6afa-4dd6-99f0-de6493f7d31c.dfbefc6b3ede0ec5ea5be9d1632ece3b-1-150x150.webp 150w, https:\/\/exceptionaldaysman.shop\/wp-content\/uploads\/2026\/04\/b1d06179-6afa-4dd6-99f0-de6493f7d31c.dfbefc6b3ede0ec5ea5be9d1632ece3b-1-768x768.webp 768w, https:\/\/exceptionaldaysman.shop\/wp-content\/uploads\/2026\/04\/b1d06179-6afa-4dd6-99f0-de6493f7d31c.dfbefc6b3ede0ec5ea5be9d1632ece3b-1-1536x1536.webp 1536w, https:\/\/exceptionaldaysman.shop\/wp-content\/uploads\/2026\/04\/b1d06179-6afa-4dd6-99f0-de6493f7d31c.dfbefc6b3ede0ec5ea5be9d1632ece3b-1-12x12.webp 12w, https:\/\/exceptionaldaysman.shop\/wp-content\/uploads\/2026\/04\/b1d06179-6afa-4dd6-99f0-de6493f7d31c.dfbefc6b3ede0ec5ea5be9d1632ece3b-1-600x600.webp 600w, https:\/\/exceptionaldaysman.shop\/wp-content\/uploads\/2026\/04\/b1d06179-6afa-4dd6-99f0-de6493f7d31c.dfbefc6b3ede0ec5ea5be9d1632ece3b-1-100x100.webp 100w, https:\/\/exceptionaldaysman.shop\/wp-content\/uploads\/2026\/04\/b1d06179-6afa-4dd6-99f0-de6493f7d31c.dfbefc6b3ede0ec5ea5be9d1632ece3b-1-50x50.webp 50w, https:\/\/exceptionaldaysman.shop\/wp-content\/uploads\/2026\/04\/b1d06179-6afa-4dd6-99f0-de6493f7d31c.dfbefc6b3ede0ec5ea5be9d1632ece3b-1-1x1.webp 1w, https:\/\/exceptionaldaysman.shop\/wp-content\/uploads\/2026\/04\/b1d06179-6afa-4dd6-99f0-de6493f7d31c.dfbefc6b3ede0ec5ea5be9d1632ece3b-1-10x10.webp 10w\" sizes=\"auto, (max-width: 1600px) 100vw, 1600px\" \/>\t\t\t\t\t\t\t\t\t\t\t\t\t\t\t<\/div>\n\t\t\t\t<\/div>\n\t\t\t\t<div class=\"elementor-element elementor-element-360fec45 elementor-widget elementor-widget-image\" data-id=\"360fec45\" data-element_type=\"widget\" data-settings=\"{&quot;ekit_we_effect_on&quot;:&quot;none&quot;}\" data-widget_type=\"image.default\">\n\t\t\t\t<div class=\"elementor-widget-container\">\n\t\t\t\t\t\t\t\t\t\t\t\t\t\t\t<img loading=\"lazy\" decoding=\"async\" width=\"1600\" height=\"1600\" src=\"https:\/\/exceptionaldaysman.shop\/wp-content\/uploads\/2026\/04\/c118e1d9-27e2-4d8e-9ce4-0f2b43cae2e7.b0903b6dbfef4a8ffa838bfb9e883923-1.webp\" class=\"attachment-full size-full wp-image-13609 wvs-archive-product-image\" alt=\"\" srcset=\"https:\/\/exceptionaldaysman.shop\/wp-content\/uploads\/2026\/04\/c118e1d9-27e2-4d8e-9ce4-0f2b43cae2e7.b0903b6dbfef4a8ffa838bfb9e883923-1.webp 1600w, https:\/\/exceptionaldaysman.shop\/wp-content\/uploads\/2026\/04\/c118e1d9-27e2-4d8e-9ce4-0f2b43cae2e7.b0903b6dbfef4a8ffa838bfb9e883923-1-300x300.webp 300w, https:\/\/exceptionaldaysman.shop\/wp-content\/uploads\/2026\/04\/c118e1d9-27e2-4d8e-9ce4-0f2b43cae2e7.b0903b6dbfef4a8ffa838bfb9e883923-1-1024x1024.webp 1024w, https:\/\/exceptionaldaysman.shop\/wp-content\/uploads\/2026\/04\/c118e1d9-27e2-4d8e-9ce4-0f2b43cae2e7.b0903b6dbfef4a8ffa838bfb9e883923-1-150x150.webp 150w, https:\/\/exceptionaldaysman.shop\/wp-content\/uploads\/2026\/04\/c118e1d9-27e2-4d8e-9ce4-0f2b43cae2e7.b0903b6dbfef4a8ffa838bfb9e883923-1-768x768.webp 768w, https:\/\/exceptionaldaysman.shop\/wp-content\/uploads\/2026\/04\/c118e1d9-27e2-4d8e-9ce4-0f2b43cae2e7.b0903b6dbfef4a8ffa838bfb9e883923-1-1536x1536.webp 1536w, https:\/\/exceptionaldaysman.shop\/wp-content\/uploads\/2026\/04\/c118e1d9-27e2-4d8e-9ce4-0f2b43cae2e7.b0903b6dbfef4a8ffa838bfb9e883923-1-12x12.webp 12w, https:\/\/exceptionaldaysman.shop\/wp-content\/uploads\/2026\/04\/c118e1d9-27e2-4d8e-9ce4-0f2b43cae2e7.b0903b6dbfef4a8ffa838bfb9e883923-1-600x600.webp 600w, https:\/\/exceptionaldaysman.shop\/wp-content\/uploads\/2026\/04\/c118e1d9-27e2-4d8e-9ce4-0f2b43cae2e7.b0903b6dbfef4a8ffa838bfb9e883923-1-100x100.webp 100w, https:\/\/exceptionaldaysman.shop\/wp-content\/uploads\/2026\/04\/c118e1d9-27e2-4d8e-9ce4-0f2b43cae2e7.b0903b6dbfef4a8ffa838bfb9e883923-1-50x50.webp 50w, https:\/\/exceptionaldaysman.shop\/wp-content\/uploads\/2026\/04\/c118e1d9-27e2-4d8e-9ce4-0f2b43cae2e7.b0903b6dbfef4a8ffa838bfb9e883923-1-1x1.webp 1w, https:\/\/exceptionaldaysman.shop\/wp-content\/uploads\/2026\/04\/c118e1d9-27e2-4d8e-9ce4-0f2b43cae2e7.b0903b6dbfef4a8ffa838bfb9e883923-1-10x10.webp 10w\" sizes=\"auto, (max-width: 1600px) 100vw, 1600px\" \/>\t\t\t\t\t\t\t\t\t\t\t\t\t\t\t<\/div>\n\t\t\t\t<\/div>\n\t\t\t\t<div class=\"elementor-element elementor-element-174c58b3 elementor-widget elementor-widget-image\" data-id=\"174c58b3\" data-element_type=\"widget\" data-settings=\"{&quot;ekit_we_effect_on&quot;:&quot;none&quot;}\" data-widget_type=\"image.default\">\n\t\t\t\t<div class=\"elementor-widget-container\">\n\t\t\t\t\t\t\t\t\t\t\t\t\t\t\t<img loading=\"lazy\" decoding=\"async\" width=\"1600\" height=\"1600\" src=\"https:\/\/exceptionaldaysman.shop\/wp-content\/uploads\/2026\/04\/f4e0292b-4c01-4db7-b401-319b76f822c0.60dcafb101c081601853a939f800efb0-1.webp\" class=\"attachment-full size-full wp-image-13610 wvs-archive-product-image\" alt=\"\" srcset=\"https:\/\/exceptionaldaysman.shop\/wp-content\/uploads\/2026\/04\/f4e0292b-4c01-4db7-b401-319b76f822c0.60dcafb101c081601853a939f800efb0-1.webp 1600w, https:\/\/exceptionaldaysman.shop\/wp-content\/uploads\/2026\/04\/f4e0292b-4c01-4db7-b401-319b76f822c0.60dcafb101c081601853a939f800efb0-1-300x300.webp 300w, https:\/\/exceptionaldaysman.shop\/wp-content\/uploads\/2026\/04\/f4e0292b-4c01-4db7-b401-319b76f822c0.60dcafb101c081601853a939f800efb0-1-1024x1024.webp 1024w, https:\/\/exceptionaldaysman.shop\/wp-content\/uploads\/2026\/04\/f4e0292b-4c01-4db7-b401-319b76f822c0.60dcafb101c081601853a939f800efb0-1-150x150.webp 150w, https:\/\/exceptionaldaysman.shop\/wp-content\/uploads\/2026\/04\/f4e0292b-4c01-4db7-b401-319b76f822c0.60dcafb101c081601853a939f800efb0-1-768x768.webp 768w, https:\/\/exceptionaldaysman.shop\/wp-content\/uploads\/2026\/04\/f4e0292b-4c01-4db7-b401-319b76f822c0.60dcafb101c081601853a939f800efb0-1-1536x1536.webp 1536w, https:\/\/exceptionaldaysman.shop\/wp-content\/uploads\/2026\/04\/f4e0292b-4c01-4db7-b401-319b76f822c0.60dcafb101c081601853a939f800efb0-1-12x12.webp 12w, https:\/\/exceptionaldaysman.shop\/wp-content\/uploads\/2026\/04\/f4e0292b-4c01-4db7-b401-319b76f822c0.60dcafb101c081601853a939f800efb0-1-600x600.webp 600w, https:\/\/exceptionaldaysman.shop\/wp-content\/uploads\/2026\/04\/f4e0292b-4c01-4db7-b401-319b76f822c0.60dcafb101c081601853a939f800efb0-1-100x100.webp 100w, https:\/\/exceptionaldaysman.shop\/wp-content\/uploads\/2026\/04\/f4e0292b-4c01-4db7-b401-319b76f822c0.60dcafb101c081601853a939f800efb0-1-50x50.webp 50w, https:\/\/exceptionaldaysman.shop\/wp-content\/uploads\/2026\/04\/f4e0292b-4c01-4db7-b401-319b76f822c0.60dcafb101c081601853a939f800efb0-1-1x1.webp 1w, https:\/\/exceptionaldaysman.shop\/wp-content\/uploads\/2026\/04\/f4e0292b-4c01-4db7-b401-319b76f822c0.60dcafb101c081601853a939f800efb0-1-10x10.webp 10w\" sizes=\"auto, (max-width: 1600px) 100vw, 1600px\" \/>\t\t\t\t\t\t\t\t\t\t\t\t\t\t\t<\/div>\n\t\t\t\t<\/div>\n\t\t\t\t<div class=\"elementor-element elementor-element-523c12c8 elementor-position-right elementor-vertical-align-middle elementor-widget elementor-widget-image-box\" data-id=\"523c12c8\" data-element_type=\"widget\" data-settings=\"{&quot;ekit_we_effect_on&quot;:&quot;none&quot;}\" data-widget_type=\"image-box.default\">\n\t\t\t\t<div class=\"elementor-widget-container\">\n\t\t\t\t\t<div class=\"elementor-image-box-wrapper\"><figure class=\"elementor-image-box-img\"><img loading=\"lazy\" decoding=\"async\" width=\"1600\" height=\"1600\" src=\"https:\/\/exceptionaldaysman.shop\/wp-content\/uploads\/2026\/04\/77e31e9a-7b9b-47ba-ae08-f2a885709851.679467f4449d62f69bf4a62b73eec30f-2.webp\" class=\"attachment-full size-full wp-image-13612 wvs-archive-product-image\" alt=\"\" srcset=\"https:\/\/exceptionaldaysman.shop\/wp-content\/uploads\/2026\/04\/77e31e9a-7b9b-47ba-ae08-f2a885709851.679467f4449d62f69bf4a62b73eec30f-2.webp 1600w, https:\/\/exceptionaldaysman.shop\/wp-content\/uploads\/2026\/04\/77e31e9a-7b9b-47ba-ae08-f2a885709851.679467f4449d62f69bf4a62b73eec30f-2-300x300.webp 300w, https:\/\/exceptionaldaysman.shop\/wp-content\/uploads\/2026\/04\/77e31e9a-7b9b-47ba-ae08-f2a885709851.679467f4449d62f69bf4a62b73eec30f-2-1024x1024.webp 1024w, https:\/\/exceptionaldaysman.shop\/wp-content\/uploads\/2026\/04\/77e31e9a-7b9b-47ba-ae08-f2a885709851.679467f4449d62f69bf4a62b73eec30f-2-150x150.webp 150w, https:\/\/exceptionaldaysman.shop\/wp-content\/uploads\/2026\/04\/77e31e9a-7b9b-47ba-ae08-f2a885709851.679467f4449d62f69bf4a62b73eec30f-2-768x768.webp 768w, https:\/\/exceptionaldaysman.shop\/wp-content\/uploads\/2026\/04\/77e31e9a-7b9b-47ba-ae08-f2a885709851.679467f4449d62f69bf4a62b73eec30f-2-1536x1536.webp 1536w, https:\/\/exceptionaldaysman.shop\/wp-content\/uploads\/2026\/04\/77e31e9a-7b9b-47ba-ae08-f2a885709851.679467f4449d62f69bf4a62b73eec30f-2-12x12.webp 12w, https:\/\/exceptionaldaysman.shop\/wp-content\/uploads\/2026\/04\/77e31e9a-7b9b-47ba-ae08-f2a885709851.679467f4449d62f69bf4a62b73eec30f-2-600x600.webp 600w, https:\/\/exceptionaldaysman.shop\/wp-content\/uploads\/2026\/04\/77e31e9a-7b9b-47ba-ae08-f2a885709851.679467f4449d62f69bf4a62b73eec30f-2-100x100.webp 100w, https:\/\/exceptionaldaysman.shop\/wp-content\/uploads\/2026\/04\/77e31e9a-7b9b-47ba-ae08-f2a885709851.679467f4449d62f69bf4a62b73eec30f-2-50x50.webp 50w, https:\/\/exceptionaldaysman.shop\/wp-content\/uploads\/2026\/04\/77e31e9a-7b9b-47ba-ae08-f2a885709851.679467f4449d62f69bf4a62b73eec30f-2-1x1.webp 1w, https:\/\/exceptionaldaysman.shop\/wp-content\/uploads\/2026\/04\/77e31e9a-7b9b-47ba-ae08-f2a885709851.679467f4449d62f69bf4a62b73eec30f-2-10x10.webp 10w\" sizes=\"auto, (max-width: 1600px) 100vw, 1600px\" \/><\/figure><div class=\"elementor-image-box-content\"><h3 class=\"elementor-image-box-title\">Caracter\u00edsticas principales del art\u00edculo Qu\u00e9 incluye:  \u00bfPor qu\u00e9 elegir este set?    Soluci\u00f3n todo en uno: todo lo que necesita para la carga y la conectividad en un pr\u00e1ctico paquete.    R\u00e1pido y fiable: carga y audio de alto rendimiento con tecnolog\u00eda avanzada.  F\u00e1cil de transportar: ligero y compacto, perfecto para el uso diario o para llevar.  Amplia compatibilidad: funciona a la perfecci\u00f3n con varios smartphones, tabletas y mucho m\u00e1s.<\/h3><\/div><\/div>\t\t\t\t<\/div>\n\t\t\t\t<\/div>\n\t\t\t\t<div class=\"elementor-element elementor-element-42780ea4 elementor-position-left elementor-vertical-align-middle elementor-widget elementor-widget-image-box\" data-id=\"42780ea4\" data-element_type=\"widget\" data-settings=\"{&quot;ekit_we_effect_on&quot;:&quot;none&quot;}\" data-widget_type=\"image-box.default\">\n\t\t\t\t<div class=\"elementor-widget-container\">\n\t\t\t\t\t<div class=\"elementor-image-box-wrapper\"><figure class=\"elementor-image-box-img\"><img loading=\"lazy\" decoding=\"async\" width=\"800\" height=\"800\" src=\"https:\/\/exceptionaldaysman.shop\/wp-content\/uploads\/2026\/04\/1-1-1.jpeg\" class=\"attachment-full size-full wp-image-13613 wvs-archive-product-image\" alt=\"\" srcset=\"https:\/\/exceptionaldaysman.shop\/wp-content\/uploads\/2026\/04\/1-1-1.jpeg 800w, https:\/\/exceptionaldaysman.shop\/wp-content\/uploads\/2026\/04\/1-1-1-300x300.jpeg 300w, https:\/\/exceptionaldaysman.shop\/wp-content\/uploads\/2026\/04\/1-1-1-150x150.jpeg 150w, https:\/\/exceptionaldaysman.shop\/wp-content\/uploads\/2026\/04\/1-1-1-768x768.jpeg 768w, https:\/\/exceptionaldaysman.shop\/wp-content\/uploads\/2026\/04\/1-1-1-12x12.jpeg 12w, https:\/\/exceptionaldaysman.shop\/wp-content\/uploads\/2026\/04\/1-1-1-600x600.jpeg 600w, https:\/\/exceptionaldaysman.shop\/wp-content\/uploads\/2026\/04\/1-1-1-100x100.jpeg 100w, https:\/\/exceptionaldaysman.shop\/wp-content\/uploads\/2026\/04\/1-1-1-50x50.jpeg 50w, https:\/\/exceptionaldaysman.shop\/wp-content\/uploads\/2026\/04\/1-1-1-1x1.jpeg 1w, https:\/\/exceptionaldaysman.shop\/wp-content\/uploads\/2026\/04\/1-1-1-10x10.jpeg 10w\" sizes=\"auto, (max-width: 800px) 100vw, 800px\" \/><\/figure><div class=\"elementor-image-box-content\"><h3 class=\"elementor-image-box-title\">Juego 6 en 1 de carga magn\u00e9tica y auriculares Bluetooth Experimente la m\u00e1xima comodidad con este vers\u00e1til juego 6 en 1, dise\u00f1ado para satisfacer todas sus necesidades de carga y audio. Perfecto para una amplia gama de smartphones y otros dispositivos, este kit combina portabilidad, funcionalidad y un dise\u00f1o elegante para el uso diario o los viajes.<\/h3><\/div><\/div>\t\t\t\t<\/div>\n\t\t\t\t<\/div>\n\t\t\t\t<div class=\"elementor-element elementor-element-5f987b8f elementor-widget elementor-widget-text-editor\" data-id=\"5f987b8f\" data-element_type=\"widget\" data-settings=\"{&quot;ekit_we_effect_on&quot;:&quot;none&quot;}\" data-widget_type=\"text-editor.default\">\n\t\t\t\t<div class=\"elementor-widget-container\">\n\t\t\t\t\t\t\t\t\t<!DOCTYPE html>\n<html lang=\"en\">\n<head>\n<meta charset=\"UTF-8\">\n<meta name=\"viewport\" content=\"width=device-width, initial-scale=1.0\">\n<title>ARTCYBER 6-in-1 Charging Kit<\/title>\n<style>\n  * {\n    margin: 0;\n    padding: 0;\n    box-sizing: border-box;\n  }\n  body {\n    background: transparent;\n    font-family: 'Inter', 'Segoe UI', system-ui, sans-serif;\n    -webkit-font-smoothing: antialiased;\n    padding: 20px 0;\n  }\n  .spec-table {\n    width: 100%;\n    border-collapse: collapse;\n    font-size: 14px;\n    color: #333;\n    line-height: 1.8;\n  }\n  .spec-table tr {\n    border-bottom: 1px solid rgba(210, 210, 210, 0.3);\n    background: transparent;\n  }\n  .spec-table td {\n    padding: 14px 16px;\n    text-align: left;\n    vertical-align: top;\n    background: transparent;\n    word-break: break-word;\n  }\n  .spec-table td:nth-child(1),\n  .spec-table td:nth-child(3) {\n    width: 20%;\n    font-weight: 500;\n    color: #222;\n  }\n  .spec-table td:nth-child(2),\n  .spec-table td:nth-child(4) {\n    width: 30%;\n    color: #555;\n  }\n<\/style>\n<\/head>\n<body>\n\n<table class=\"spec-table\">\n  <tr>\n    <td>Marca<\/td>\n    <td>ARTCYBER<\/td>\n    <td>Nombre del producto<\/td>\n    <td>Kit de carga 6 en 1<\/td>\n  <\/tr>\n  <tr>\n    <td>Marca compatible<\/td>\n    <td>iPhone, Android, Todos los dispositivos inteligentes<\/td>\n    <td>Tipo<\/td>\n    <td>Kit de carga multifunci\u00f3n port\u00e1til<\/td>\n  <\/tr>\n  <tr>\n    <td>Fuente de energ\u00eda<\/td>\n    <td>El\u00e9ctrico (adaptador de CA + bater\u00eda)<\/td>\n    <td>Carga r\u00e1pida<\/td>\n    <td>Con funci\u00f3n de carga r\u00e1pida<\/td>\n  <\/tr>\n  <tr>\n    <td>Longitud del cable del cargador<\/td>\n    <td>4-5.9 Pies<\/td>\n    <td>Protecci\u00f3n contra sobrecorriente<\/td>\n    <td>Con protecci\u00f3n contra sobrecorriente<\/td>\n  <\/tr>\n  <tr>\n    <td>Mostrar<\/td>\n    <td>Con pantalla digital<\/td>\n    <td>Color<\/td>\n    <td>Blanco<\/td>\n  <\/tr>\n  <tr>\n    <td>Tipo de enchufe<\/td>\n    <td>Est\u00e1ndar (compatible con EE.UU., la UE y el Reino Unido)<\/td>\n    <td>Componentes del kit<\/td>\n    <td>Power Bank magn\u00e9tico, cargador inal\u00e1mbrico, cable Type-C, adaptador, soporte de audio, base de carga r\u00e1pida<\/td>\n  <\/tr>\n  <tr>\n    <td>Carga inal\u00e1mbrica<\/td>\n    <td>Inal\u00e1mbrico magn\u00e9tico de 15 W m\u00e1x.<\/td>\n    <td>Salida por cable<\/td>\n    <td>USB-C PD, USB-A QC 3.0<\/td>\n  <\/tr>\n  <tr>\n    <td>Dise\u00f1o port\u00e1til<\/td>\n    <td>Compacto y f\u00e1cil de transportar<\/td>\n    <td>Tipo de juego<\/td>\n    <td>Soluci\u00f3n de carga todo en uno<\/td>\n  <\/tr>\n<\/table>\n\n<\/body>\n<\/html>\t\t\t\t\t\t\t\t<\/div>\n\t\t\t\t<\/div>\n\t\t\t\t\t<\/div>\n\t\t\t\t<\/div>\n\t\t\t\t<\/div>","protected":false},"excerpt":{"rendered":"<p>Key item features What\u2019s Included: Why Choose This Set? All-in-One Solution \u2013 Everything you need for charging and connectivity in&#8230;<\/p>","protected":false},"featured_media":13601,"comment_status":"open","ping_status":"closed","template":"","meta":{"_acf_changed":false},"etheme_brands":[],"product_brand":[],"product_cat":[118],"product_tag":[],"class_list":{"0":"post-13600","1":"product","2":"type-product","3":"status-publish","4":"has-post-thumbnail","6":"product_cat-sale-shop","8":"first","9":"instock","10":"sale","11":"shipping-taxable","12":"purchasable","13":"product-type-simple"},"acf":[],"_links":{"self":[{"href":"https:\/\/exceptionaldaysman.shop\/es\/wp-json\/wp\/v2\/product\/13600","targetHints":{"allow":["GET"]}}],"collection":[{"href":"https:\/\/exceptionaldaysman.shop\/es\/wp-json\/wp\/v2\/product"}],"about":[{"href":"https:\/\/exceptionaldaysman.shop\/es\/wp-json\/wp\/v2\/types\/product"}],"replies":[{"embeddable":true,"href":"https:\/\/exceptionaldaysman.shop\/es\/wp-json\/wp\/v2\/comments?post=13600"}],"version-history":[{"count":4,"href":"https:\/\/exceptionaldaysman.shop\/es\/wp-json\/wp\/v2\/product\/13600\/revisions"}],"predecessor-version":[{"id":13619,"href":"https:\/\/exceptionaldaysman.shop\/es\/wp-json\/wp\/v2\/product\/13600\/revisions\/13619"}],"wp:featuredmedia":[{"embeddable":true,"href":"https:\/\/exceptionaldaysman.shop\/es\/wp-json\/wp\/v2\/media\/13601"}],"wp:attachment":[{"href":"https:\/\/exceptionaldaysman.shop\/es\/wp-json\/wp\/v2\/media?parent=13600"}],"wp:term":[{"taxonomy":"brand","embeddable":true,"href":"https:\/\/exceptionaldaysman.shop\/es\/wp-json\/wp\/v2\/etheme_brands?post=13600"},{"taxonomy":"product_brand","embeddable":true,"href":"https:\/\/exceptionaldaysman.shop\/es\/wp-json\/wp\/v2\/product_brand?post=13600"},{"taxonomy":"product_cat","embeddable":true,"href":"https:\/\/exceptionaldaysman.shop\/es\/wp-json\/wp\/v2\/product_cat?post=13600"},{"taxonomy":"product_tag","embeddable":true,"href":"https:\/\/exceptionaldaysman.shop\/es\/wp-json\/wp\/v2\/product_tag?post=13600"}],"curies":[{"name":"wp","href":"https:\/\/api.w.org\/{rel}","templated":true}]}}